{"id":6,"date":"2020-10-08T14:24:03","date_gmt":"2020-10-08T14:24:03","guid":{"rendered":"https:\/\/extratest.carsat-centreouest.fr\/wp_events\/index.php\/evenements\/"},"modified":"2020-10-08T14:24:03","modified_gmt":"2020-10-08T14:24:03","slug":"evenements","status":"publish","type":"page","link":"https:\/\/inscriptions.carsat-centreouest.fr\/","title":{"rendered":"\u00c9v\u00e8nements"},"content":{"rendered":"<p>CONTENTS<\/p>\n","protected":false},"excerpt":{"rendered":"<p>CONTENTS<\/p>\n","protected":false},"author":1,"featured_media":0,"parent":0,"menu_order":0,"comment_status":"closed","ping_status":"open","template":"","meta":[],"yoast_head":"<!-- This site is optimized with the Yoast SEO plugin v18.8 - https:\/\/yoast.com\/wordpress\/plugins\/seo\/ -->\n<title>\u00c9v\u00e8nements - \u00c9v\u00e9nements - Carsat Centre-Ouest<\/title>\n<meta name=\"robots\" content=\"index, follow, max-snippet:-1, max-image-preview:large, max-video-preview:-1\" \/>\n<link rel=\"canonical\" href=\"https:\/\/inscriptions.carsat-centreouest.fr\/\" \/>\n<meta property=\"og:locale\" content=\"fr_FR\" \/>\n<meta property=\"og:type\" content=\"article\" \/>\n<meta property=\"og:title\" content=\"\u00c9v\u00e8nements - \u00c9v\u00e9nements - Carsat Centre-Ouest\" \/>\n<meta property=\"og:description\" content=\"CONTENTS\" \/>\n<meta property=\"og:url\" content=\"https:\/\/inscriptions.carsat-centreouest.fr\/\" \/>\n<meta property=\"og:site_name\" content=\"\u00c9v\u00e9nements - Carsat Centre-Ouest\" \/>\n<meta name=\"twitter:card\" content=\"summary_large_image\" \/>\n<script type=\"application\/ld+json\" class=\"yoast-schema-graph\">{\"@context\":\"https:\/\/schema.org\",\"@graph\":[{\"@type\":\"WebSite\",\"@id\":\"https:\/\/inscriptions.carsat-centreouest.fr\/#website\",\"url\":\"https:\/\/inscriptions.carsat-centreouest.fr\/\",\"name\":\"\u00c9v\u00e9nements - Carsat Centre-Ouest\",\"description\":\"Inscription aux webinaires organis\u00e9s par la Carsat Centre-Ouest\",\"potentialAction\":[{\"@type\":\"SearchAction\",\"target\":{\"@type\":\"EntryPoint\",\"urlTemplate\":\"https:\/\/inscriptions.carsat-centreouest.fr\/?s={search_term_string}\"},\"query-input\":\"required name=search_term_string\"}],\"inLanguage\":\"fr-FR\"},{\"@type\":\"WebPage\",\"@id\":\"https:\/\/inscriptions.carsat-centreouest.fr\/#webpage\",\"url\":\"https:\/\/inscriptions.carsat-centreouest.fr\/\",\"name\":\"\u00c9v\u00e8nements - \u00c9v\u00e9nements - Carsat Centre-Ouest\",\"isPartOf\":{\"@id\":\"https:\/\/inscriptions.carsat-centreouest.fr\/#website\"},\"datePublished\":\"2020-10-08T14:24:03+00:00\",\"dateModified\":\"2020-10-08T14:24:03+00:00\",\"breadcrumb\":{\"@id\":\"https:\/\/inscriptions.carsat-centreouest.fr\/#breadcrumb\"},\"inLanguage\":\"fr-FR\",\"potentialAction\":[{\"@type\":\"ReadAction\",\"target\":[\"https:\/\/inscriptions.carsat-centreouest.fr\/\"]}]},{\"@type\":\"BreadcrumbList\",\"@id\":\"https:\/\/inscriptions.carsat-centreouest.fr\/#breadcrumb\",\"itemListElement\":[{\"@type\":\"ListItem\",\"position\":1,\"name\":\"Home\",\"item\":\"https:\/\/inscriptions.carsat-centreouest.fr\/\"},{\"@type\":\"ListItem\",\"position\":2,\"name\":\"\u00c9v\u00e8nements\"}]}]}<\/script>\n<!-- \/ Yoast SEO plugin. -->","yoast_head_json":{"title":"\u00c9v\u00e8nements - \u00c9v\u00e9nements - Carsat Centre-Ouest","robots":{"index":"index","follow":"follow","max-snippet":"max-snippet:-1","max-image-preview":"max-image-preview:large","max-video-preview":"max-video-preview:-1"},"canonical":"https:\/\/inscriptions.carsat-centreouest.fr\/","og_locale":"fr_FR","og_type":"article","og_title":"\u00c9v\u00e8nements - \u00c9v\u00e9nements - Carsat Centre-Ouest","og_description":"CONTENTS","og_url":"https:\/\/inscriptions.carsat-centreouest.fr\/","og_site_name":"\u00c9v\u00e9nements - Carsat Centre-Ouest","twitter_card":"summary_large_image","schema":{"@context":"https:\/\/schema.org","@graph":[{"@type":"WebSite","@id":"https:\/\/inscriptions.carsat-centreouest.fr\/#website","url":"https:\/\/inscriptions.carsat-centreouest.fr\/","name":"\u00c9v\u00e9nements - Carsat Centre-Ouest","description":"Inscription aux webinaires organis\u00e9s par la Carsat Centre-Ouest","potentialAction":[{"@type":"SearchAction","target":{"@type":"EntryPoint","urlTemplate":"https:\/\/inscriptions.carsat-centreouest.fr\/?s={search_term_string}"},"query-input":"required name=search_term_string"}],"inLanguage":"fr-FR"},{"@type":"WebPage","@id":"https:\/\/inscriptions.carsat-centreouest.fr\/#webpage","url":"https:\/\/inscriptions.carsat-centreouest.fr\/","name":"\u00c9v\u00e8nements - \u00c9v\u00e9nements - Carsat Centre-Ouest","isPartOf":{"@id":"https:\/\/inscriptions.carsat-centreouest.fr\/#website"},"datePublished":"2020-10-08T14:24:03+00:00","dateModified":"2020-10-08T14:24:03+00:00","breadcrumb":{"@id":"https:\/\/inscriptions.carsat-centreouest.fr\/#breadcrumb"},"inLanguage":"fr-FR","potentialAction":[{"@type":"ReadAction","target":["https:\/\/inscriptions.carsat-centreouest.fr\/"]}]},{"@type":"BreadcrumbList","@id":"https:\/\/inscriptions.carsat-centreouest.fr\/#breadcrumb","itemListElement":[{"@type":"ListItem","position":1,"name":"Home","item":"https:\/\/inscriptions.carsat-centreouest.fr\/"},{"@type":"ListItem","position":2,"name":"\u00c9v\u00e8nements"}]}]}},"_links":{"self":[{"href":"https:\/\/inscriptions.carsat-centreouest.fr\/index.php?rest_route=\/wp\/v2\/pages\/6"}],"collection":[{"href":"https:\/\/inscriptions.carsat-centreouest.fr\/index.php?rest_route=\/wp\/v2\/pages"}],"about":[{"href":"https:\/\/inscriptions.carsat-centreouest.fr\/index.php?rest_route=\/wp\/v2\/types\/page"}],"author":[{"embeddable":true,"href":"https:\/\/inscriptions.carsat-centreouest.fr\/index.php?rest_route=\/wp\/v2\/users\/1"}],"replies":[{"embeddable":true,"href":"https:\/\/inscriptions.carsat-centreouest.fr\/index.php?rest_route=%2Fwp%2Fv2%2Fcomments&post=6"}],"version-history":[{"count":0,"href":"https:\/\/inscriptions.carsat-centreouest.fr\/index.php?rest_route=\/wp\/v2\/pages\/6\/revisions"}],"wp:attachment":[{"href":"https:\/\/inscriptions.carsat-centreouest.fr\/index.php?rest_route=%2Fwp%2Fv2%2Fmedia&parent=6"}],"curies":[{"name":"wp","href":"https:\/\/api.w.org\/{rel}","templated":true}]}}